{"id":119,"date":"2015-06-01T16:35:02","date_gmt":"2015-06-01T15:35:02","guid":{"rendered":"http:\/\/localhost\/?page_id=119"},"modified":"2023-03-07T16:39:30","modified_gmt":"2023-03-07T15:39:30","slug":"les-partenaires","status":"publish","type":"page","link":"https:\/\/www.radio-activ.com\/index.php\/les-partenaires\/","title":{"rendered":"Les Partenaires"},"content":{"rendered":"\t\t<div data-elementor-type=\"wp-page\" data-elementor-id=\"119\" class=\"elementor elementor-119\">\n\t\t\t\t\t\t<section class=\"elementor-section elementor-top-section elementor-element elementor-element-5059a992 elementor-section-boxed elementor-section-height-default elementor-section-height-default wpr-particle-no wpr-jarallax-no wpr-parallax-no wpr-sticky-section-no\" data-id=\"5059a992\" data-element_type=\"section\">\n\t\t\t\t\t\t<div class=\"elementor-container elementor-column-gap-default\">\n\t\t\t\t\t<div class=\"elementor-column elementor-col-100 elementor-top-column elementor-element elementor-element-248e1b5e\" data-id=\"248e1b5e\" data-element_type=\"column\">\n\t\t\t<div class=\"elementor-widget-wrap elementor-element-populated\">\n\t\t\t\t\t\t<div class=\"elementor-element elementor-element-5c4bdbd1 elementor-widget elementor-widget-text-editor\" data-id=\"5c4bdbd1\" data-element_type=\"widget\" data-widget_type=\"text-editor.default\">\n\t\t\t\t<div class=\"elementor-widget-container\">\n\t\t\t\t\t\t\t\t\t<h2>\u00a0<\/h2><div style=\"text-align: center;\"><table border=\"0\" align=\"center\"><tbody><tr align=\"center\"><td width=\"25%\"><a href=\"http:\/\/www.radio-activ.com\/wp-content\/uploads\/2015\/06\/ministere.jpg\"><img decoding=\"async\" class=\" size-full wp-image-127 aligncenter\" src=\"http:\/\/www.radio-activ.com\/wp-content\/uploads\/2015\/06\/ministere.jpg\" alt=\"ministere\" width=\"80\" height=\"100\" \/><\/a><\/td><td width=\"25%\"><a href=\"http:\/\/www.radio-activ.com\/wp-content\/uploads\/2015\/06\/region.jpg\"><img decoding=\"async\" class=\" size-full wp-image-128 aligncenter\" src=\"http:\/\/www.radio-activ.com\/wp-content\/uploads\/2015\/06\/region.jpg\" alt=\"region\" width=\"100\" height=\"100\" \/><\/a><\/td><td width=\"25%\"><a href=\"http:\/\/www.radio-activ.com\/wp-content\/uploads\/2015\/06\/departement.jpg\"><img decoding=\"async\" class=\" size-full wp-image-122 aligncenter\" src=\"http:\/\/www.radio-activ.com\/wp-content\/uploads\/2015\/06\/departement.jpg\" alt=\"departement\" width=\"109\" height=\"100\" \/><\/a><\/td><td width=\"25%\"><a href=\"http:\/\/www.radio-activ.com\/wp-content\/uploads\/2015\/06\/ville.jpg\"><img loading=\"lazy\" decoding=\"async\" class=\" size-full wp-image-129 aligncenter\" src=\"http:\/\/www.radio-activ.com\/wp-content\/uploads\/2015\/06\/ville.jpg\" alt=\"ville\" width=\"100\" height=\"100\" \/><\/a><\/td><\/tr><tr><td width=\"25%\"><a href=\"http:\/\/www.culturecommunication.gouv.fr\/\" target=\"_blank\" rel=\"noopener\">Minist\u00e8re de la culture<\/a><\/td><td width=\"25%\"><a href=\"http:\/\/www.bretagne.fr\/\" target=\"_blank\" rel=\"noopener\">R\u00e9gion Bretagne<\/a><\/td><td width=\"25%\"><a href=\"http:\/\/www.cotesdarmor.fr\/\" target=\"_blank\" rel=\"noopener\">Dpt des C\u00f4tes d&rsquo;armor<\/a><\/td><td width=\"25%\"><a href=\"http:\/\/www.langueux.fr\/\" target=\"_blank\" rel=\"noopener\">Ville de Langueux<\/a><\/td><\/tr><\/tbody><\/table><table border=\"0\" align=\"center\"><!--<\/p>\n<tbody>\n<tr>\n<td width=\"50%\"><a href=\"http:\/\/www.radio-activ.com\/wp-content\/uploads\/2017\/09\/0whr.jpg\"><img loading=\"lazy\" decoding=\"async\" class=\"size-full wp-image-5486 aligncenter\" src=\"http:\/\/www.radio-activ.com\/wp-content\/uploads\/2017\/09\/0whr.jpg\" alt=\"0whr\" width=\"272\" height=\"98\" srcset=\"https:\/\/www.radio-activ.com\/wp-content\/uploads\/2017\/09\/0whr.jpg 272w, https:\/\/www.radio-activ.com\/wp-content\/uploads\/2017\/09\/0whr-148x53.jpg 148w, https:\/\/www.radio-activ.com\/wp-content\/uploads\/2017\/09\/0whr-31x11.jpg 31w, https:\/\/www.radio-activ.com\/wp-content\/uploads\/2017\/09\/0whr-38x14.jpg 38w\" sizes=\"(max-width: 272px) 100vw, 272px\" \/><\/a><\/td>\n<\/tr>\n<tr>\n<td width=\"50%\"><a href=\"http:\/\/www.saintbrieuc-agglo.fr\/\" target=\"_blank\" rel=\"noopener\">Agglo de Saint Brieuc<\/a><\/td>\n<\/tr>\n<\/tbody>\n<p>--><\/table><table border=\"0\" align=\"center\"><tbody><tr><td width=\"50%\"><a href=\"http:\/\/www.radio-activ.com\/wp-content\/uploads\/2015\/06\/Capture.png\"><img loading=\"lazy\" decoding=\"async\" class=\"size-full wp-image-7292 aligncenter\" src=\"http:\/\/www.radio-activ.com\/wp-content\/uploads\/2015\/06\/Capture-300x65.png\" alt=\"Capture\" width=\"300\" height=\"65\" srcset=\"https:\/\/www.radio-activ.com\/wp-content\/uploads\/2015\/06\/Capture-300x65.png 300w, https:\/\/www.radio-activ.com\/wp-content\/uploads\/2015\/06\/Capture-148x32.png 148w, https:\/\/www.radio-activ.com\/wp-content\/uploads\/2015\/06\/Capture-31x7.png 31w, https:\/\/www.radio-activ.com\/wp-content\/uploads\/2015\/06\/Capture-38x8.png 38w, https:\/\/www.radio-activ.com\/wp-content\/uploads\/2015\/06\/Capture-425x92.png 425w, https:\/\/www.radio-activ.com\/wp-content\/uploads\/2015\/06\/Capture.png 578w\" sizes=\"(max-width: 300px) 100vw, 300px\" \/><\/a><\/td><\/tr><tr><td width=\"50%\"><a href=\"https:\/\/www.service-civique.gouv.fr\/\" target=\"_blank\" rel=\"noopener\">L&rsquo;Agence du Service civique<\/a><\/td><\/tr><\/tbody><\/table><p>\u00a0<\/p><\/div><table border=\"0\" align=\"center\"><tbody><tr align=\"center\"><td width=\"33%\"><a href=\"http:\/\/www.radio-activ.com\/wp-content\/uploads\/2015\/06\/fera.jpg\"><img loading=\"lazy\" decoding=\"async\" class=\" size-full wp-image-124 aligncenter\" src=\"http:\/\/www.radio-activ.com\/wp-content\/uploads\/2015\/06\/fera.jpg\" alt=\"fera\" width=\"100\" height=\"100\" \/><\/a><\/td><td width=\"33%\"><a href=\"http:\/\/www.radio-activ.com\/wp-content\/uploads\/2015\/06\/DOC-RBS-logo-RVB.png\"><img loading=\"lazy\" decoding=\"async\" class=\"alignleft size-medium wp-image-12832\" src=\"http:\/\/www.radio-activ.com\/wp-content\/uploads\/2015\/06\/DOC-RBS-logo-RVB-300x219.png\" alt=\"DOC-RBS-logo-RVB\" width=\"300\" height=\"219\" srcset=\"https:\/\/www.radio-activ.com\/wp-content\/uploads\/2015\/06\/DOC-RBS-logo-RVB-300x219.png 300w, https:\/\/www.radio-activ.com\/wp-content\/uploads\/2015\/06\/DOC-RBS-logo-RVB-600x438.png 600w, https:\/\/www.radio-activ.com\/wp-content\/uploads\/2015\/06\/DOC-RBS-logo-RVB-768x561.png 768w, https:\/\/www.radio-activ.com\/wp-content\/uploads\/2015\/06\/DOC-RBS-logo-RVB-1024x748.png 1024w, https:\/\/www.radio-activ.com\/wp-content\/uploads\/2015\/06\/DOC-RBS-logo-RVB-148x108.png 148w, https:\/\/www.radio-activ.com\/wp-content\/uploads\/2015\/06\/DOC-RBS-logo-RVB-31x23.png 31w, https:\/\/www.radio-activ.com\/wp-content\/uploads\/2015\/06\/DOC-RBS-logo-RVB-38x28.png 38w, https:\/\/www.radio-activ.com\/wp-content\/uploads\/2015\/06\/DOC-RBS-logo-RVB-294x215.png 294w\" sizes=\"(max-width: 300px) 100vw, 300px\" \/><\/a><\/td><td width=\"33%\"><a href=\"http:\/\/www.radio-activ.com\/wp-content\/uploads\/2015\/12\/Logo-edito-cs-6-vectoris\u00e9-blanc-noir.jpg\"><img loading=\"lazy\" decoding=\"async\" class=\"size-full wp-image-1208 aligncenter\" src=\"http:\/\/www.radio-activ.com\/wp-content\/uploads\/2015\/12\/Logo-edito-cs-6-vectoris\u00e9-blanc-noir.jpg\" alt=\"4x3 edito\" width=\"150\" height=\"112\" srcset=\"https:\/\/www.radio-activ.com\/wp-content\/uploads\/2015\/12\/Logo-edito-cs-6-vectoris\u00e9-blanc-noir.jpg 150w, https:\/\/www.radio-activ.com\/wp-content\/uploads\/2015\/12\/Logo-edito-cs-6-vectoris\u00e9-blanc-noir-148x111.jpg 148w, https:\/\/www.radio-activ.com\/wp-content\/uploads\/2015\/12\/Logo-edito-cs-6-vectoris\u00e9-blanc-noir-31x23.jpg 31w, https:\/\/www.radio-activ.com\/wp-content\/uploads\/2015\/12\/Logo-edito-cs-6-vectoris\u00e9-blanc-noir-38x28.jpg 38w\" sizes=\"(max-width: 150px) 100vw, 150px\" \/><\/a><\/td><\/tr><tr align=\"center\"><td width=\"33%\"><a href=\"http:\/\/www.ferarock.org\/\" target=\"_blank\" rel=\"noopener\"> R\u00e9seau Ferarock<\/a><\/td><td width=\"33%\"><a href=\"https:\/\/www.bretagne-solidaire.bzh\/\" target=\"_blank\" rel=\"noopener\"> R\u00e9seau Bretagne Solidaire<\/a><\/td><td width=\"33%\"><a href=\"http:\/\/www.edito22.com\/\" target=\"_blank\" rel=\"noopener\">Edito 22<\/a><\/td><\/tr><\/tbody><\/table><div style=\"text-align: center;\"><a href=\"http:\/\/www.radio-activ.com\/wp-content\/uploads\/2015\/06\/grandpre.jpg\"><img loading=\"lazy\" decoding=\"async\" class=\" size-full wp-image-125 aligncenter\" src=\"http:\/\/www.radio-activ.com\/wp-content\/uploads\/2015\/06\/grandpre.jpg\" alt=\"grandpre\" width=\"353\" height=\"100\" srcset=\"https:\/\/www.radio-activ.com\/wp-content\/uploads\/2015\/06\/grandpre.jpg 353w, https:\/\/www.radio-activ.com\/wp-content\/uploads\/2015\/06\/grandpre-300x85.jpg 300w\" sizes=\"(max-width: 353px) 100vw, 353px\" \/><\/a><br \/><a href=\"http:\/\/www.legrandpre.info\/\" target=\"_blank\" rel=\"noopener\">Le Grand Pr\u00e9<\/a><\/div><div style=\"text-align: center;\"><a href=\"http:\/\/www.radio-activ.com\/wp-content\/uploads\/2015\/06\/Logo-JPEG-Artisteasuivre-Jaune.jpg\"><img loading=\"lazy\" decoding=\"async\" class=\"wp-image-13840 aligncenter\" src=\"http:\/\/www.radio-activ.com\/wp-content\/uploads\/2015\/06\/Logo-JPEG-Artisteasuivre-Jaune.jpg\" alt=\"Logo JPEG Artisteasuivre Jaune\" width=\"166\" height=\"166\" srcset=\"https:\/\/www.radio-activ.com\/wp-content\/uploads\/2015\/06\/Logo-JPEG-Artisteasuivre-Jaune.jpg 293w, https:\/\/www.radio-activ.com\/wp-content\/uploads\/2015\/06\/Logo-JPEG-Artisteasuivre-Jaune-100x100.jpg 100w, https:\/\/www.radio-activ.com\/wp-content\/uploads\/2015\/06\/Logo-JPEG-Artisteasuivre-Jaune-150x150.jpg 150w, https:\/\/www.radio-activ.com\/wp-content\/uploads\/2015\/06\/Logo-JPEG-Artisteasuivre-Jaune-148x148.jpg 148w, https:\/\/www.radio-activ.com\/wp-content\/uploads\/2015\/06\/Logo-JPEG-Artisteasuivre-Jaune-31x31.jpg 31w, https:\/\/www.radio-activ.com\/wp-content\/uploads\/2015\/06\/Logo-JPEG-Artisteasuivre-Jaune-38x38.jpg 38w, https:\/\/www.radio-activ.com\/wp-content\/uploads\/2015\/06\/Logo-JPEG-Artisteasuivre-Jaune-215x215.jpg 215w\" sizes=\"(max-width: 166px) 100vw, 166px\" \/><\/a><a href=\"https:\/\/artisteasuivre.fr\/\" target=\"_blank\" rel=\"noopener\">Artiste a Suivre<\/a><\/div><h2>Les Radios<\/h2><table border=\"0\" align=\"center\"><tbody><tr align=\"center\"><td width=\"25%\"><a href=\"http:\/\/www.radio-activ.com\/wp-content\/uploads\/2015\/06\/images.jpg\"><img loading=\"lazy\" decoding=\"async\" class=\" wp-image-205 aligncenter\" src=\"http:\/\/www.radio-activ.com\/wp-content\/uploads\/2015\/06\/images.jpg\" alt=\"images\" width=\"174\" height=\"145\" \/><\/a><\/td><td style=\"text-align: center;\" width=\"25%\"><a href=\"http:\/\/www.radio-activ.com\/wp-content\/uploads\/2015\/06\/logo-plumfm-2010-jpg.jpg\"><img loading=\"lazy\" decoding=\"async\" class=\" wp-image-207 aligncenter\" src=\"http:\/\/www.radio-activ.com\/wp-content\/uploads\/2015\/06\/logo-plumfm-2010-jpg.jpg\" alt=\"logo-plumfm-2010-jpg\" width=\"227\" height=\"93\" srcset=\"https:\/\/www.radio-activ.com\/wp-content\/uploads\/2015\/06\/logo-plumfm-2010-jpg.jpg 725w, https:\/\/www.radio-activ.com\/wp-content\/uploads\/2015\/06\/logo-plumfm-2010-jpg-600x246.jpg 600w, https:\/\/www.radio-activ.com\/wp-content\/uploads\/2015\/06\/logo-plumfm-2010-jpg-300x123.jpg 300w\" sizes=\"(max-width: 227px) 100vw, 227px\" \/><\/a><\/td><\/tr><tr><td style=\"text-align: center;\" width=\"25%\"><a href=\"http:\/\/www.r-k-b.org\/\" target=\"_blank\" rel=\"noopener\">Radio Kreiz Breizh<\/a><\/td><td style=\"text-align: center;\" width=\"25%\"><a href=\"http:\/\/www.plumfm.net\/\" target=\"_blank\" rel=\"noopener\">Plum FM<\/a><\/td><\/tr><\/tbody><\/table><p>\u00a0<\/p><p>\u00a0<\/p><p>\u00a0<\/p>\t\t\t\t\t\t\t\t<\/div>\n\t\t\t\t<\/div>\n\t\t\t\t\t<\/div>\n\t\t<\/div>\n\t\t\t\t\t<\/div>\n\t\t<\/section>\n\t\t\t\t<\/div>\n\t\t","protected":false},"excerpt":{"rendered":"<p>\u00a0 Minist\u00e8re de la culture R\u00e9gion Bretagne Dpt des C\u00f4tes d&rsquo;armor Ville de Langueux L&rsquo;Agence du Service civique \u00a0 R\u00e9seau Ferarock R\u00e9seau<\/p>\n<p class=\"link-more\"><a class=\"myButt \" href=\"https:\/\/www.radio-activ.com\/index.php\/les-partenaires\/\">Read More<\/a><\/p>\n","protected":false},"author":1,"featured_media":0,"parent":0,"menu_order":0,"comment_status":"closed","ping_status":"open","template":"","meta":{"footnotes":""},"class_list":["post-119","page","type-page","status-publish","hentry"],"_links":{"self":[{"href":"https:\/\/www.radio-activ.com\/index.php\/wp-json\/wp\/v2\/pages\/119","targetHints":{"allow":["GET"]}}],"collection":[{"href":"https:\/\/www.radio-activ.com\/index.php\/wp-json\/wp\/v2\/pages"}],"about":[{"href":"https:\/\/www.radio-activ.com\/index.php\/wp-json\/wp\/v2\/types\/page"}],"author":[{"embeddable":true,"href":"https:\/\/www.radio-activ.com\/index.php\/wp-json\/wp\/v2\/users\/1"}],"replies":[{"embeddable":true,"href":"https:\/\/www.radio-activ.com\/index.php\/wp-json\/wp\/v2\/comments?post=119"}],"version-history":[{"count":25,"href":"https:\/\/www.radio-activ.com\/index.php\/wp-json\/wp\/v2\/pages\/119\/revisions"}],"predecessor-version":[{"id":16677,"href":"https:\/\/www.radio-activ.com\/index.php\/wp-json\/wp\/v2\/pages\/119\/revisions\/16677"}],"wp:attachment":[{"href":"https:\/\/www.radio-activ.com\/index.php\/wp-json\/wp\/v2\/media?parent=119"}],"curies":[{"name":"wp","href":"https:\/\/api.w.org\/{rel}","templated":true}]}}